{"id":720,"date":"2021-03-28T19:27:36","date_gmt":"2021-03-28T17:27:36","guid":{"rendered":"https:\/\/h5p.it.ntnu.no\/hbio3005\/?page_id=720"},"modified":"2021-05-26T09:46:01","modified_gmt":"2021-05-26T07:46:01","slug":"hes","status":"publish","type":"page","link":"https:\/\/h5p.it.ntnu.no\/hbio3005\/hes\/","title":{"rendered":"HES"},"content":{"rendered":"<p>HES benyttes for \u00e5 kunne studere morfologien til vevene ved at den differensierer strukturene i vevet. Alle preparat farges enten med HES eller HE (Hematoxylin-Erytrosin) som en standard i histologi (1).<\/p>\n<p>Hematoxylin har en molekylvekt p\u00e5 302,29 g\/mol (3) og er et metallkompleksfargestoff som binder seg til negative grupper i vevet (2). Hematoxylin best\u00e5r av hematein (oksidert hematoxylin) og aluminiumioner, som sammen danner et chelat (1). Ved pH 2-3, vil sulfatgrupper (-SO<sub>4<\/sub><sup>&#8211;<\/sup>) og fosfatgrupper (-PO<sub>4<\/sub><sup>3-<\/sup>) v\u00e6re ionisert (4). Sulfatgrupper finnes i enkelte vevsstrukturer som for eksempel i slim (2). Negativt ladde fosfatgrupper er blant annet lokalisert inne i cellekjernen i DNA. Derfor blir kjerner bl\u00e5 ved farging med hematoxylin. I cytoplasma er det RNA som ogs\u00e5 har negative fosfatgrupper (5). Cytoplasmafargen vil ha en svakere farge etter farging med hematoxylin p\u00e5 grunn av at RNA-innholdet ikke er like konsentrert som i kjernene (1). Ved pH &gt; 4 vil karboksylgrupper i proteiner og karbohydrater v\u00e6re ionisert, og kan farges med hematoxylin. D\u00e5rlig kjernefarge kan skyldes ekstraksjon av hematoxylin ved syrebruk (4).<\/p>\n<p>Erytrosin har en molekylvekt p\u00e5 879,86 g\/mol og er et r\u00f8dt anionfargestoff som binder seg til positive grupper i vevet (6). Det finnes mange positivt ladde grupper i proteiner (NH<sub>3<\/sub><sup>+<\/sup>) (5). Hvilke grupper som er ionisert avhenger av pH i fargel\u00f8sningen. Aminogruppene er ionisert ved pH &lt; 7 (7). Da vil proteiner som blant annet er til stede ekstracellul\u00e6rt, i cytoplasma og i kjerner farges.<\/p>\n<p>Safran har en molekylvekt p\u00e5 976,96 g\/mol og er et gult anionfargestoff. Erytrosin og safran er begge anionfargestoff, og vil derfor kunne konkurrere om de samme bindingene. Fargepartikkelens st\u00f8rrelse er indikert ved molekylvekten. Erytrosin har mindre molekylst\u00f8rrelse og vil trenge inn i tettere vevsstrukturer. Safran vil konkurrere om bindingene der den kommer til og vil kunne utkonkurrere erytrosin over tid (4).<\/p>\n<p>Ved \u00e5 benytte HES vil kjerner farges bl\u00e5lilla, kollagene fibre farges guloransje og muskulatur, erytrocytter, elastiske fibre og keratin farges rosa\/r\u00f8dt (8).<\/p>\n<p>\u00a0<\/p>\n<p><strong data-rich-text-format-boundary=\"true\">Snitt av tykktarm farget med HES, 100x forst\u00f8rrelse<\/strong><\/p>\n<div class=\"h5p-content\" data-content-id=\"87\"><\/div>\n<p>\u00a0<\/p>\n<p><strong>Referanser<\/strong><\/p>\n\n\n<p><strong>1<\/strong>: Gude MF, Dall AM, Veedflad S, Br\u00fcgmann AH. Histologi, Tekst og Atlas. 1.utgave. Amagertorv, K\u00f8benhavn: FADL&#8217;s Forlag; 2015.<\/p>\n\n\n\n<p><strong>2:<\/strong> Hematoxylin cryst. (C.I. 75290) 104302 [Internett]. 517-28-2. [sitert 26. april 2021]. Tilgjengelig p\u00e5: https:\/\/www.sigmaaldrich.com\/catalog\/product\/mm\/104302<\/p>\n\n\n\n<p><strong>3<\/strong>: Cook DJ, Warren PJ. Cellular pathology, an introduction to techniques and applications. 3.utgave. Bloxham, United Kingdom: Scion Publishing Ltd; 2015.<\/p>\n\n\n\n<p><strong>4: <\/strong>Kiernan, J. A. Histological and Histochemical Methods, Theory and Practice. 4. utgave. Bloxham, Oxfordshire: Scion Publishing Ltd; 2008.<\/p>\n\n\n\n<p><strong>5: <\/strong>Bruce A, Hopkin K, Johnson A, Raff M, Roberts K, Walter P, mfl. Essential Cell Biology. 5.utgave. Fifth Avenue, New York and Carlisle Street, London: Ww Norton &amp; Co; 2019.<\/p>\n\n\n\n<p><strong>6: <\/strong>Erythrosine B (C.I. 45430) CAS 16423-68-0 | 115936 [Internett]. [sitert 15. april 2021]. Tilgjengelig p\u00e5: https:\/\/www.merckmillipore.com\/NO\/en\/product\/Erythrosine-B-C.I.-45430,MDA_CHEM-115936?ReferrerURL=https%3A%2F%2Fwww.google.com%2F#anchor_PI<\/p>\n\n\n\n<p><strong>7: <\/strong>McMurry, John. Fundamentals of Organic Chemistry. 7. utgave. Belmont, USA: Brooks\/Cole; 2011.<\/p>\n\n\n\n<p><strong>8:<\/strong> Bancroft, John D., Gamble, Marilyn. Theory and Practice of Histological Techniques. 6. utgave. Elsevier, Churchill Livingstone; 2008<\/p>\n","protected":false},"excerpt":{"rendered":"<p>HES benyttes for \u00e5 kunne studere morfologien til vevene ved at den differensierer strukturene i vevet. Alle preparat farges enten med HES eller HE (Hematoxylin-Erytrosin) som en standard i histologi (1). Hematoxylin har en molekylvekt p\u00e5 302,29 g\/mol (3) og er et metallkompleksfargestoff som binder seg til negative grupper i vevet (2). Hematoxylin best\u00e5r av &hellip; <\/p>\n<p class=\"link-more\"><a href=\"https:\/\/h5p.it.ntnu.no\/hbio3005\/hes\/\" class=\"more-link\">Fortsett \u00e5 lese<span class=\"screen-reader-text\"> \u00abHES\u00bb<\/span><\/a><\/p>\n","protected":false},"author":53,"featured_media":0,"parent":0,"menu_order":0,"comment_status":"closed","ping_status":"closed","template":"","meta":{"footnotes":""},"class_list":["post-720","page","type-page","status-publish","hentry"],"_links":{"self":[{"href":"https:\/\/h5p.it.ntnu.no\/hbio3005\/wp-json\/wp\/v2\/pages\/720","targetHints":{"allow":["GET"]}}],"collection":[{"href":"https:\/\/h5p.it.ntnu.no\/hbio3005\/wp-json\/wp\/v2\/pages"}],"about":[{"href":"https:\/\/h5p.it.ntnu.no\/hbio3005\/wp-json\/wp\/v2\/types\/page"}],"author":[{"embeddable":true,"href":"https:\/\/h5p.it.ntnu.no\/hbio3005\/wp-json\/wp\/v2\/users\/53"}],"replies":[{"embeddable":true,"href":"https:\/\/h5p.it.ntnu.no\/hbio3005\/wp-json\/wp\/v2\/comments?post=720"}],"version-history":[{"count":25,"href":"https:\/\/h5p.it.ntnu.no\/hbio3005\/wp-json\/wp\/v2\/pages\/720\/revisions"}],"predecessor-version":[{"id":1984,"href":"https:\/\/h5p.it.ntnu.no\/hbio3005\/wp-json\/wp\/v2\/pages\/720\/revisions\/1984"}],"wp:attachment":[{"href":"https:\/\/h5p.it.ntnu.no\/hbio3005\/wp-json\/wp\/v2\/media?parent=720"}],"curies":[{"name":"wp","href":"https:\/\/api.w.org\/{rel}","templated":true}]}}